{"id":8294,"date":"2026-04-13T20:59:40","date_gmt":"2026-04-13T20:59:40","guid":{"rendered":"https:\/\/glownightlight.com\/sl\/?post_type=product&#038;p=8294"},"modified":"2026-04-13T21:05:41","modified_gmt":"2026-04-13T21:05:41","slug":"nocna-lucka-na-vticnico-softplug","status":"publish","type":"product","link":"https:\/\/glownightlight.com\/sl\/product\/nocna-lucka-na-vticnico-softplug\/","title":{"rendered":"No\u010dna lu\u010dka na vti\u010dnico &#8211; SoftPlug"},"content":{"rendered":"","protected":false},"excerpt":{"rendered":"","protected":false},"featured_media":8612,"comment_status":"closed","ping_status":"closed","template":"","meta":[],"product_brand":[],"product_cat":[484,492],"product_tag":[481,431,377,482,483],"class_list":{"0":"post-8294","1":"product","2":"type-product","3":"status-publish","4":"has-post-thumbnail","6":"product_cat-vrste-nocnih-luck","7":"product_cat-vticniske-nocne-lucke","8":"product_tag-chambre-enfant","9":"product_tag-veilleuse-automatique","10":"product_tag-veilleuse-led","11":"product_tag-veilleuse-prise","12":"product_tag-veilleuse-secteur","14":"first","15":"instock","16":"taxable","17":"shipping-taxable","18":"purchasable","19":"product-type-variable"},"_links":{"self":[{"href":"https:\/\/glownightlight.com\/sl\/wp-json\/wp\/v2\/product\/8294","targetHints":{"allow":["GET"]}}],"collection":[{"href":"https:\/\/glownightlight.com\/sl\/wp-json\/wp\/v2\/product"}],"about":[{"href":"https:\/\/glownightlight.com\/sl\/wp-json\/wp\/v2\/types\/product"}],"replies":[{"embeddable":true,"href":"https:\/\/glownightlight.com\/sl\/wp-json\/wp\/v2\/comments?post=8294"}],"wp:featuredmedia":[{"embeddable":true,"href":"https:\/\/glownightlight.com\/sl\/wp-json\/wp\/v2\/media\/8612"}],"wp:attachment":[{"href":"https:\/\/glownightlight.com\/sl\/wp-json\/wp\/v2\/media?parent=8294"}],"wp:term":[{"taxonomy":"product_brand","embeddable":true,"href":"https:\/\/glownightlight.com\/sl\/wp-json\/wp\/v2\/product_brand?post=8294"},{"taxonomy":"product_cat","embeddable":true,"href":"https:\/\/glownightlight.com\/sl\/wp-json\/wp\/v2\/product_cat?post=8294"},{"taxonomy":"product_tag","embeddable":true,"href":"https:\/\/glownightlight.com\/sl\/wp-json\/wp\/v2\/product_tag?post=8294"}],"curies":[{"name":"wp","href":"https:\/\/api.w.org\/{rel}","templated":true}]}}