{"id":8281,"date":"2026-04-13T20:59:36","date_gmt":"2026-04-13T20:59:36","guid":{"rendered":"https:\/\/glownightlight.com\/sl\/?post_type=product&#038;p=8281"},"modified":"2026-04-13T21:05:40","modified_gmt":"2026-04-13T21:05:40","slug":"stenska-nocna-lucka-z-zajckom-in-senzorjem-gibanja-lapsense","status":"publish","type":"product","link":"https:\/\/glownightlight.com\/sl\/product\/stenska-nocna-lucka-z-zajckom-in-senzorjem-gibanja-lapsense\/","title":{"rendered":"Stenska no\u010dna lu\u010dka z zaj\u010dkom in senzorjem gibanja &#8211; LapSense"},"content":{"rendered":"","protected":false},"excerpt":{"rendered":"","protected":false},"featured_media":8599,"comment_status":"closed","ping_status":"closed","template":"","meta":[],"product_brand":[],"product_cat":[491,484],"product_tag":[307,334],"class_list":{"0":"post-8281","1":"product","2":"type-product","3":"status-publish","4":"has-post-thumbnail","6":"product_cat-stenske-nocne-lucke","7":"product_cat-vrste-nocnih-luck","8":"product_tag-lapin","9":"product_tag-murale","11":"first","12":"instock","13":"taxable","14":"shipping-taxable","15":"purchasable","16":"product-type-variable"},"_links":{"self":[{"href":"https:\/\/glownightlight.com\/sl\/wp-json\/wp\/v2\/product\/8281","targetHints":{"allow":["GET"]}}],"collection":[{"href":"https:\/\/glownightlight.com\/sl\/wp-json\/wp\/v2\/product"}],"about":[{"href":"https:\/\/glownightlight.com\/sl\/wp-json\/wp\/v2\/types\/product"}],"replies":[{"embeddable":true,"href":"https:\/\/glownightlight.com\/sl\/wp-json\/wp\/v2\/comments?post=8281"}],"wp:featuredmedia":[{"embeddable":true,"href":"https:\/\/glownightlight.com\/sl\/wp-json\/wp\/v2\/media\/8599"}],"wp:attachment":[{"href":"https:\/\/glownightlight.com\/sl\/wp-json\/wp\/v2\/media?parent=8281"}],"wp:term":[{"taxonomy":"product_brand","embeddable":true,"href":"https:\/\/glownightlight.com\/sl\/wp-json\/wp\/v2\/product_brand?post=8281"},{"taxonomy":"product_cat","embeddable":true,"href":"https:\/\/glownightlight.com\/sl\/wp-json\/wp\/v2\/product_cat?post=8281"},{"taxonomy":"product_tag","embeddable":true,"href":"https:\/\/glownightlight.com\/sl\/wp-json\/wp\/v2\/product_tag?post=8281"}],"curies":[{"name":"wp","href":"https:\/\/api.w.org\/{rel}","templated":true}]}}