{"id":8275,"date":"2026-04-13T20:59:34","date_gmt":"2026-04-13T20:59:34","guid":{"rendered":"https:\/\/glownightlight.com\/sl\/?post_type=product&#038;p=8275"},"modified":"2026-04-13T21:02:07","modified_gmt":"2026-04-13T21:02:07","slug":"led-nocna-lucka-sveca-lumiflame","status":"publish","type":"product","link":"https:\/\/glownightlight.com\/sl\/product\/led-nocna-lucka-sveca-lumiflame\/","title":{"rendered":"LED no\u010dna lu\u010dka sve\u010da &#8211; LumiFlame"},"content":{"rendered":"","protected":false},"excerpt":{"rendered":"","protected":false},"featured_media":8593,"comment_status":"closed","ping_status":"closed","template":"","meta":[],"product_brand":[],"product_cat":[489,484],"product_tag":[389],"class_list":{"0":"post-8275","1":"product","2":"type-product","3":"status-publish","4":"has-post-thumbnail","6":"product_cat-nocne-lucke","7":"product_cat-vrste-nocnih-luck","8":"product_tag-veilleuse","10":"first","11":"instock","12":"taxable","13":"shipping-taxable","14":"purchasable","15":"product-type-simple"},"_links":{"self":[{"href":"https:\/\/glownightlight.com\/sl\/wp-json\/wp\/v2\/product\/8275","targetHints":{"allow":["GET"]}}],"collection":[{"href":"https:\/\/glownightlight.com\/sl\/wp-json\/wp\/v2\/product"}],"about":[{"href":"https:\/\/glownightlight.com\/sl\/wp-json\/wp\/v2\/types\/product"}],"replies":[{"embeddable":true,"href":"https:\/\/glownightlight.com\/sl\/wp-json\/wp\/v2\/comments?post=8275"}],"wp:featuredmedia":[{"embeddable":true,"href":"https:\/\/glownightlight.com\/sl\/wp-json\/wp\/v2\/media\/8593"}],"wp:attachment":[{"href":"https:\/\/glownightlight.com\/sl\/wp-json\/wp\/v2\/media?parent=8275"}],"wp:term":[{"taxonomy":"product_brand","embeddable":true,"href":"https:\/\/glownightlight.com\/sl\/wp-json\/wp\/v2\/product_brand?post=8275"},{"taxonomy":"product_cat","embeddable":true,"href":"https:\/\/glownightlight.com\/sl\/wp-json\/wp\/v2\/product_cat?post=8275"},{"taxonomy":"product_tag","embeddable":true,"href":"https:\/\/glownightlight.com\/sl\/wp-json\/wp\/v2\/product_tag?post=8275"}],"curies":[{"name":"wp","href":"https:\/\/api.w.org\/{rel}","templated":true}]}}