{"id":8243,"date":"2026-04-13T20:59:24","date_gmt":"2026-04-13T20:59:24","guid":{"rendered":"https:\/\/glownightlight.com\/sl\/?post_type=product&#038;p=8243"},"modified":"2026-04-13T21:01:52","modified_gmt":"2026-04-13T21:01:52","slug":"stenska-nocna-lucka-pasja-tacka-lumipaw","status":"publish","type":"product","link":"https:\/\/glownightlight.com\/sl\/product\/stenska-nocna-lucka-pasja-tacka-lumipaw\/","title":{"rendered":"Stenska no\u010dna lu\u010dka pasja ta\u010dka &#8211; LumiPaw"},"content":{"rendered":"","protected":false},"excerpt":{"rendered":"","protected":false},"featured_media":8561,"comment_status":"closed","ping_status":"closed","template":"","meta":[],"product_brand":[],"product_cat":[491,484],"product_tag":[334],"class_list":{"0":"post-8243","1":"product","2":"type-product","3":"status-publish","4":"has-post-thumbnail","6":"product_cat-stenske-nocne-lucke","7":"product_cat-vrste-nocnih-luck","8":"product_tag-murale","10":"first","11":"instock","12":"taxable","13":"shipping-taxable","14":"purchasable","15":"product-type-simple"},"_links":{"self":[{"href":"https:\/\/glownightlight.com\/sl\/wp-json\/wp\/v2\/product\/8243","targetHints":{"allow":["GET"]}}],"collection":[{"href":"https:\/\/glownightlight.com\/sl\/wp-json\/wp\/v2\/product"}],"about":[{"href":"https:\/\/glownightlight.com\/sl\/wp-json\/wp\/v2\/types\/product"}],"replies":[{"embeddable":true,"href":"https:\/\/glownightlight.com\/sl\/wp-json\/wp\/v2\/comments?post=8243"}],"wp:featuredmedia":[{"embeddable":true,"href":"https:\/\/glownightlight.com\/sl\/wp-json\/wp\/v2\/media\/8561"}],"wp:attachment":[{"href":"https:\/\/glownightlight.com\/sl\/wp-json\/wp\/v2\/media?parent=8243"}],"wp:term":[{"taxonomy":"product_brand","embeddable":true,"href":"https:\/\/glownightlight.com\/sl\/wp-json\/wp\/v2\/product_brand?post=8243"},{"taxonomy":"product_cat","embeddable":true,"href":"https:\/\/glownightlight.com\/sl\/wp-json\/wp\/v2\/product_cat?post=8243"},{"taxonomy":"product_tag","embeddable":true,"href":"https:\/\/glownightlight.com\/sl\/wp-json\/wp\/v2\/product_tag?post=8243"}],"curies":[{"name":"wp","href":"https:\/\/api.w.org\/{rel}","templated":true}]}}