{"id":8195,"date":"2026-04-13T20:59:11","date_gmt":"2026-04-13T20:59:11","guid":{"rendered":"https:\/\/glownightlight.com\/sl\/?post_type=product&#038;p=8195"},"modified":"2026-04-13T21:05:36","modified_gmt":"2026-04-13T21:05:36","slug":"nocna-lucka-plisasta-krava-moolumi","status":"publish","type":"product","link":"https:\/\/glownightlight.com\/sl\/product\/nocna-lucka-plisasta-krava-moolumi\/","title":{"rendered":"No\u010dna lu\u010dka pli\u0161asta krava &#8211; MooLumi"},"content":{"rendered":"","protected":false},"excerpt":{"rendered":"","protected":false},"featured_media":8513,"comment_status":"closed","ping_status":"closed","template":"","meta":[],"product_brand":[],"product_cat":[490,484],"product_tag":[],"class_list":{"0":"post-8195","1":"product","2":"type-product","3":"status-publish","4":"has-post-thumbnail","6":"product_cat-plisaste-nocne-lucke","7":"product_cat-vrste-nocnih-luck","9":"first","10":"instock","11":"taxable","12":"shipping-taxable","13":"purchasable","14":"product-type-variable"},"_links":{"self":[{"href":"https:\/\/glownightlight.com\/sl\/wp-json\/wp\/v2\/product\/8195","targetHints":{"allow":["GET"]}}],"collection":[{"href":"https:\/\/glownightlight.com\/sl\/wp-json\/wp\/v2\/product"}],"about":[{"href":"https:\/\/glownightlight.com\/sl\/wp-json\/wp\/v2\/types\/product"}],"replies":[{"embeddable":true,"href":"https:\/\/glownightlight.com\/sl\/wp-json\/wp\/v2\/comments?post=8195"}],"wp:featuredmedia":[{"embeddable":true,"href":"https:\/\/glownightlight.com\/sl\/wp-json\/wp\/v2\/media\/8513"}],"wp:attachment":[{"href":"https:\/\/glownightlight.com\/sl\/wp-json\/wp\/v2\/media?parent=8195"}],"wp:term":[{"taxonomy":"product_brand","embeddable":true,"href":"https:\/\/glownightlight.com\/sl\/wp-json\/wp\/v2\/product_brand?post=8195"},{"taxonomy":"product_cat","embeddable":true,"href":"https:\/\/glownightlight.com\/sl\/wp-json\/wp\/v2\/product_cat?post=8195"},{"taxonomy":"product_tag","embeddable":true,"href":"https:\/\/glownightlight.com\/sl\/wp-json\/wp\/v2\/product_tag?post=8195"}],"curies":[{"name":"wp","href":"https:\/\/api.w.org\/{rel}","templated":true}]}}