{"id":8123,"date":"2026-04-13T20:58:53","date_gmt":"2026-04-13T20:58:53","guid":{"rendered":"https:\/\/glownightlight.com\/sl\/?post_type=product&#038;p=8123"},"modified":"2026-04-13T21:05:33","modified_gmt":"2026-04-13T21:05:33","slug":"silikonska-nocna-lucka-bozicno-drevo-sapilumi","status":"publish","type":"product","link":"https:\/\/glownightlight.com\/sl\/product\/silikonska-nocna-lucka-bozicno-drevo-sapilumi\/","title":{"rendered":"Silikonska no\u010dna lu\u010dka Bo\u017ei\u010dno drevo &#8211; SapiLumi"},"content":{"rendered":"","protected":false},"excerpt":{"rendered":"","protected":false},"featured_media":8441,"comment_status":"closed","ping_status":"closed","template":"","meta":[],"product_brand":[],"product_cat":[489,484],"product_tag":[314],"class_list":{"0":"post-8123","1":"product","2":"type-product","3":"status-publish","4":"has-post-thumbnail","6":"product_cat-nocne-lucke","7":"product_cat-vrste-nocnih-luck","8":"product_tag-noel","10":"first","11":"instock","12":"taxable","13":"shipping-taxable","14":"purchasable","15":"product-type-variable"},"_links":{"self":[{"href":"https:\/\/glownightlight.com\/sl\/wp-json\/wp\/v2\/product\/8123","targetHints":{"allow":["GET"]}}],"collection":[{"href":"https:\/\/glownightlight.com\/sl\/wp-json\/wp\/v2\/product"}],"about":[{"href":"https:\/\/glownightlight.com\/sl\/wp-json\/wp\/v2\/types\/product"}],"replies":[{"embeddable":true,"href":"https:\/\/glownightlight.com\/sl\/wp-json\/wp\/v2\/comments?post=8123"}],"wp:featuredmedia":[{"embeddable":true,"href":"https:\/\/glownightlight.com\/sl\/wp-json\/wp\/v2\/media\/8441"}],"wp:attachment":[{"href":"https:\/\/glownightlight.com\/sl\/wp-json\/wp\/v2\/media?parent=8123"}],"wp:term":[{"taxonomy":"product_brand","embeddable":true,"href":"https:\/\/glownightlight.com\/sl\/wp-json\/wp\/v2\/product_brand?post=8123"},{"taxonomy":"product_cat","embeddable":true,"href":"https:\/\/glownightlight.com\/sl\/wp-json\/wp\/v2\/product_cat?post=8123"},{"taxonomy":"product_tag","embeddable":true,"href":"https:\/\/glownightlight.com\/sl\/wp-json\/wp\/v2\/product_tag?post=8123"}],"curies":[{"name":"wp","href":"https:\/\/api.w.org\/{rel}","templated":true}]}}