{"id":8068,"date":"2026-04-13T20:58:39","date_gmt":"2026-04-13T20:58:39","guid":{"rendered":"https:\/\/glownightlight.com\/sl\/?post_type=product&#038;p=8068"},"modified":"2026-04-13T21:05:30","modified_gmt":"2026-04-13T21:05:30","slug":"izobrazevalna-budilka-z-nocno-lucko-lumichat","status":"publish","type":"product","link":"https:\/\/glownightlight.com\/sl\/product\/izobrazevalna-budilka-z-nocno-lucko-lumichat\/","title":{"rendered":"Izobra\u017eevalna budilka z no\u010dno lu\u010dko &#8211; LumiChat"},"content":{"rendered":"","protected":false},"excerpt":{"rendered":"","protected":false},"featured_media":8386,"comment_status":"closed","ping_status":"closed","template":"","meta":[],"product_brand":[],"product_cat":[488,484],"product_tag":[379,380,336,284,381],"class_list":{"0":"post-8068","1":"product","2":"type-product","3":"status-publish","4":"has-post-thumbnail","6":"product_cat-otroske-budilke","7":"product_cat-vrste-nocnih-luck","8":"product_tag-bleu","9":"product_tag-chat","10":"product_tag-chaton","11":"product_tag-reveil","12":"product_tag-rose","14":"first","15":"instock","16":"sale","17":"taxable","18":"shipping-taxable","19":"purchasable","20":"product-type-variable"},"_links":{"self":[{"href":"https:\/\/glownightlight.com\/sl\/wp-json\/wp\/v2\/product\/8068","targetHints":{"allow":["GET"]}}],"collection":[{"href":"https:\/\/glownightlight.com\/sl\/wp-json\/wp\/v2\/product"}],"about":[{"href":"https:\/\/glownightlight.com\/sl\/wp-json\/wp\/v2\/types\/product"}],"replies":[{"embeddable":true,"href":"https:\/\/glownightlight.com\/sl\/wp-json\/wp\/v2\/comments?post=8068"}],"wp:featuredmedia":[{"embeddable":true,"href":"https:\/\/glownightlight.com\/sl\/wp-json\/wp\/v2\/media\/8386"}],"wp:attachment":[{"href":"https:\/\/glownightlight.com\/sl\/wp-json\/wp\/v2\/media?parent=8068"}],"wp:term":[{"taxonomy":"product_brand","embeddable":true,"href":"https:\/\/glownightlight.com\/sl\/wp-json\/wp\/v2\/product_brand?post=8068"},{"taxonomy":"product_cat","embeddable":true,"href":"https:\/\/glownightlight.com\/sl\/wp-json\/wp\/v2\/product_cat?post=8068"},{"taxonomy":"product_tag","embeddable":true,"href":"https:\/\/glownightlight.com\/sl\/wp-json\/wp\/v2\/product_tag?post=8068"}],"curies":[{"name":"wp","href":"https:\/\/api.w.org\/{rel}","templated":true}]}}