{"id":8291,"date":"2026-04-13T21:08:08","date_gmt":"2026-04-13T21:08:08","guid":{"rendered":"https:\/\/glownightlight.com\/sk\/?post_type=product&#038;p=8291"},"modified":"2026-04-13T21:10:51","modified_gmt":"2026-04-13T21:10:51","slug":"hudobna-nocna-lampicka-na-strop-melodidome","status":"publish","type":"product","link":"https:\/\/glownightlight.com\/sk\/product\/hudobna-nocna-lampicka-na-strop-melodidome\/","title":{"rendered":"Hudobn\u00e1 no\u010dn\u00e1 lampi\u010dka na strop &#8211; MelodiD\u00f4me"},"content":{"rendered":"","protected":false},"excerpt":{"rendered":"","protected":false},"featured_media":8609,"comment_status":"closed","ping_status":"closed","template":"","meta":[],"product_brand":[],"product_cat":[],"product_tag":[305,479],"class_list":{"0":"post-8291","1":"product","2":"type-product","3":"status-publish","4":"has-post-thumbnail","6":"product_tag-musicale","7":"product_tag-projection","9":"first","10":"instock","11":"taxable","12":"shipping-taxable","13":"purchasable","14":"product-type-simple"},"_links":{"self":[{"href":"https:\/\/glownightlight.com\/sk\/wp-json\/wp\/v2\/product\/8291","targetHints":{"allow":["GET"]}}],"collection":[{"href":"https:\/\/glownightlight.com\/sk\/wp-json\/wp\/v2\/product"}],"about":[{"href":"https:\/\/glownightlight.com\/sk\/wp-json\/wp\/v2\/types\/product"}],"replies":[{"embeddable":true,"href":"https:\/\/glownightlight.com\/sk\/wp-json\/wp\/v2\/comments?post=8291"}],"wp:featuredmedia":[{"embeddable":true,"href":"https:\/\/glownightlight.com\/sk\/wp-json\/wp\/v2\/media\/8609"}],"wp:attachment":[{"href":"https:\/\/glownightlight.com\/sk\/wp-json\/wp\/v2\/media?parent=8291"}],"wp:term":[{"taxonomy":"product_brand","embeddable":true,"href":"https:\/\/glownightlight.com\/sk\/wp-json\/wp\/v2\/product_brand?post=8291"},{"taxonomy":"product_cat","embeddable":true,"href":"https:\/\/glownightlight.com\/sk\/wp-json\/wp\/v2\/product_cat?post=8291"},{"taxonomy":"product_tag","embeddable":true,"href":"https:\/\/glownightlight.com\/sk\/wp-json\/wp\/v2\/product_tag?post=8291"}],"curies":[{"name":"wp","href":"https:\/\/api.w.org\/{rel}","templated":true}]}}