{"id":8286,"date":"2026-04-13T21:08:06","date_gmt":"2026-04-13T21:08:06","guid":{"rendered":"https:\/\/glownightlight.com\/sk\/?post_type=product&#038;p=8286"},"modified":"2026-04-13T21:10:49","modified_gmt":"2026-04-13T21:10:49","slug":"silikonova-nastenna-nocna-lampicka-hviezda-twinklight","status":"publish","type":"product","link":"https:\/\/glownightlight.com\/sk\/product\/silikonova-nastenna-nocna-lampicka-hviezda-twinklight\/","title":{"rendered":"Silik\u00f3nov\u00e1 n\u00e1stenn\u00e1 no\u010dn\u00e1 lampi\u010dka hviezda &#8211; TwinkLight"},"content":{"rendered":"","protected":false},"excerpt":{"rendered":"","protected":false},"featured_media":8604,"comment_status":"closed","ping_status":"closed","template":"","meta":[],"product_brand":[],"product_cat":[491,484],"product_tag":[473,474,469,464,472],"class_list":{"0":"post-8286","1":"product","2":"type-product","3":"status-publish","4":"has-post-thumbnail","6":"product_cat-nastenne-nocne-svetla","7":"product_cat-typy-nocnych-svetiel","8":"product_tag-lumiere-tactile-enfant","9":"product_tag-veilleuse-bebe","10":"product_tag-veilleuse-murale","11":"product_tag-veilleuse-rechargeable","12":"product_tag-veilleuse-silicone","14":"first","15":"instock","16":"taxable","17":"shipping-taxable","18":"purchasable","19":"product-type-simple"},"_links":{"self":[{"href":"https:\/\/glownightlight.com\/sk\/wp-json\/wp\/v2\/product\/8286","targetHints":{"allow":["GET"]}}],"collection":[{"href":"https:\/\/glownightlight.com\/sk\/wp-json\/wp\/v2\/product"}],"about":[{"href":"https:\/\/glownightlight.com\/sk\/wp-json\/wp\/v2\/types\/product"}],"replies":[{"embeddable":true,"href":"https:\/\/glownightlight.com\/sk\/wp-json\/wp\/v2\/comments?post=8286"}],"wp:featuredmedia":[{"embeddable":true,"href":"https:\/\/glownightlight.com\/sk\/wp-json\/wp\/v2\/media\/8604"}],"wp:attachment":[{"href":"https:\/\/glownightlight.com\/sk\/wp-json\/wp\/v2\/media?parent=8286"}],"wp:term":[{"taxonomy":"product_brand","embeddable":true,"href":"https:\/\/glownightlight.com\/sk\/wp-json\/wp\/v2\/product_brand?post=8286"},{"taxonomy":"product_cat","embeddable":true,"href":"https:\/\/glownightlight.com\/sk\/wp-json\/wp\/v2\/product_cat?post=8286"},{"taxonomy":"product_tag","embeddable":true,"href":"https:\/\/glownightlight.com\/sk\/wp-json\/wp\/v2\/product_tag?post=8286"}],"curies":[{"name":"wp","href":"https:\/\/api.w.org\/{rel}","templated":true}]}}