{"id":8283,"date":"2026-04-13T21:08:05","date_gmt":"2026-04-13T21:08:05","guid":{"rendered":"https:\/\/glownightlight.com\/sk\/?post_type=product&#038;p=8283"},"modified":"2026-04-13T21:10:47","modified_gmt":"2026-04-13T21:10:47","slug":"nastenne-svetlo-medved-bearbeam","status":"publish","type":"product","link":"https:\/\/glownightlight.com\/sk\/product\/nastenne-svetlo-medved-bearbeam\/","title":{"rendered":"N\u00e1stenn\u00e9 svetlo medve\u010f &#8211; BearBeam"},"content":{"rendered":"","protected":false},"excerpt":{"rendered":"","protected":false},"featured_media":8601,"comment_status":"closed","ping_status":"closed","template":"","meta":[],"product_brand":[],"product_cat":[491,484],"product_tag":[],"class_list":{"0":"post-8283","1":"product","2":"type-product","3":"status-publish","4":"has-post-thumbnail","6":"product_cat-nastenne-nocne-svetla","7":"product_cat-typy-nocnych-svetiel","9":"first","10":"instock","11":"taxable","12":"shipping-taxable","13":"purchasable","14":"product-type-simple"},"_links":{"self":[{"href":"https:\/\/glownightlight.com\/sk\/wp-json\/wp\/v2\/product\/8283","targetHints":{"allow":["GET"]}}],"collection":[{"href":"https:\/\/glownightlight.com\/sk\/wp-json\/wp\/v2\/product"}],"about":[{"href":"https:\/\/glownightlight.com\/sk\/wp-json\/wp\/v2\/types\/product"}],"replies":[{"embeddable":true,"href":"https:\/\/glownightlight.com\/sk\/wp-json\/wp\/v2\/comments?post=8283"}],"wp:featuredmedia":[{"embeddable":true,"href":"https:\/\/glownightlight.com\/sk\/wp-json\/wp\/v2\/media\/8601"}],"wp:attachment":[{"href":"https:\/\/glownightlight.com\/sk\/wp-json\/wp\/v2\/media?parent=8283"}],"wp:term":[{"taxonomy":"product_brand","embeddable":true,"href":"https:\/\/glownightlight.com\/sk\/wp-json\/wp\/v2\/product_brand?post=8283"},{"taxonomy":"product_cat","embeddable":true,"href":"https:\/\/glownightlight.com\/sk\/wp-json\/wp\/v2\/product_cat?post=8283"},{"taxonomy":"product_tag","embeddable":true,"href":"https:\/\/glownightlight.com\/sk\/wp-json\/wp\/v2\/product_tag?post=8283"}],"curies":[{"name":"wp","href":"https:\/\/api.w.org\/{rel}","templated":true}]}}