{"id":8272,"date":"2026-04-13T21:07:59","date_gmt":"2026-04-13T21:07:59","guid":{"rendered":"https:\/\/glownightlight.com\/sk\/?post_type=product&#038;p=8272"},"modified":"2026-04-13T21:14:26","modified_gmt":"2026-04-13T21:14:26","slug":"nocna-lampicka-tulipglow","status":"publish","type":"product","link":"https:\/\/glownightlight.com\/sk\/product\/nocna-lampicka-tulipglow\/","title":{"rendered":"No\u010dn\u00e1 lampi\u010dka TulipGlow"},"content":{"rendered":"","protected":false},"excerpt":{"rendered":"","protected":false},"featured_media":8590,"comment_status":"closed","ping_status":"closed","template":"","meta":[],"product_brand":[],"product_cat":[489,484],"product_tag":[452,453,454,455,456],"class_list":{"0":"post-8272","1":"product","2":"type-product","3":"status-publish","4":"has-post-thumbnail","6":"product_cat-nocne-svetla","7":"product_cat-typy-nocnych-svetiel","8":"product_tag-cadeau-deco-fleur","9":"product_tag-kit-diy-lumiere","10":"product_tag-lumiere-dambiance","11":"product_tag-veilleuse-decoration","12":"product_tag-veilleuse-tulipe","14":"first","15":"instock","16":"taxable","17":"shipping-taxable","18":"purchasable","19":"product-type-variable"},"_links":{"self":[{"href":"https:\/\/glownightlight.com\/sk\/wp-json\/wp\/v2\/product\/8272","targetHints":{"allow":["GET"]}}],"collection":[{"href":"https:\/\/glownightlight.com\/sk\/wp-json\/wp\/v2\/product"}],"about":[{"href":"https:\/\/glownightlight.com\/sk\/wp-json\/wp\/v2\/types\/product"}],"replies":[{"embeddable":true,"href":"https:\/\/glownightlight.com\/sk\/wp-json\/wp\/v2\/comments?post=8272"}],"wp:featuredmedia":[{"embeddable":true,"href":"https:\/\/glownightlight.com\/sk\/wp-json\/wp\/v2\/media\/8590"}],"wp:attachment":[{"href":"https:\/\/glownightlight.com\/sk\/wp-json\/wp\/v2\/media?parent=8272"}],"wp:term":[{"taxonomy":"product_brand","embeddable":true,"href":"https:\/\/glownightlight.com\/sk\/wp-json\/wp\/v2\/product_brand?post=8272"},{"taxonomy":"product_cat","embeddable":true,"href":"https:\/\/glownightlight.com\/sk\/wp-json\/wp\/v2\/product_cat?post=8272"},{"taxonomy":"product_tag","embeddable":true,"href":"https:\/\/glownightlight.com\/sk\/wp-json\/wp\/v2\/product_tag?post=8272"}],"curies":[{"name":"wp","href":"https:\/\/api.w.org\/{rel}","templated":true}]}}