{"id":8249,"date":"2026-04-13T21:07:51","date_gmt":"2026-04-13T21:07:51","guid":{"rendered":"https:\/\/glownightlight.com\/sk\/?post_type=product&#038;p=8249"},"modified":"2026-04-13T21:10:29","modified_gmt":"2026-04-13T21:10:29","slug":"quramoon-kuranicka-nocna-lampa-mesiac","status":"publish","type":"product","link":"https:\/\/glownightlight.com\/sk\/product\/quramoon-kuranicka-nocna-lampa-mesiac\/","title":{"rendered":"QuraMoon Kuranick\u00e1 No\u010dn\u00e1 Lampa &#8211; Mesiac"},"content":{"rendered":"","protected":false},"excerpt":{"rendered":"","protected":false},"featured_media":8567,"comment_status":"closed","ping_status":"closed","template":"","meta":[],"product_brand":[],"product_cat":[495,484],"product_tag":[],"class_list":{"0":"post-8249","1":"product","2":"type-product","3":"status-publish","4":"has-post-thumbnail","6":"product_cat-islamske-nocne-svetla","7":"product_cat-typy-nocnych-svetiel","9":"first","10":"instock","11":"taxable","12":"shipping-taxable","13":"purchasable","14":"product-type-simple"},"_links":{"self":[{"href":"https:\/\/glownightlight.com\/sk\/wp-json\/wp\/v2\/product\/8249","targetHints":{"allow":["GET"]}}],"collection":[{"href":"https:\/\/glownightlight.com\/sk\/wp-json\/wp\/v2\/product"}],"about":[{"href":"https:\/\/glownightlight.com\/sk\/wp-json\/wp\/v2\/types\/product"}],"replies":[{"embeddable":true,"href":"https:\/\/glownightlight.com\/sk\/wp-json\/wp\/v2\/comments?post=8249"}],"wp:featuredmedia":[{"embeddable":true,"href":"https:\/\/glownightlight.com\/sk\/wp-json\/wp\/v2\/media\/8567"}],"wp:attachment":[{"href":"https:\/\/glownightlight.com\/sk\/wp-json\/wp\/v2\/media?parent=8249"}],"wp:term":[{"taxonomy":"product_brand","embeddable":true,"href":"https:\/\/glownightlight.com\/sk\/wp-json\/wp\/v2\/product_brand?post=8249"},{"taxonomy":"product_cat","embeddable":true,"href":"https:\/\/glownightlight.com\/sk\/wp-json\/wp\/v2\/product_cat?post=8249"},{"taxonomy":"product_tag","embeddable":true,"href":"https:\/\/glownightlight.com\/sk\/wp-json\/wp\/v2\/product_tag?post=8249"}],"curies":[{"name":"wp","href":"https:\/\/api.w.org\/{rel}","templated":true}]}}