{"id":8243,"date":"2026-04-13T21:07:49","date_gmt":"2026-04-13T21:07:49","guid":{"rendered":"https:\/\/glownightlight.com\/sk\/?post_type=product&#038;p=8243"},"modified":"2026-04-13T21:10:26","modified_gmt":"2026-04-13T21:10:26","slug":"nastenna-nocna-lampicka-psia-labka-lumipaw","status":"publish","type":"product","link":"https:\/\/glownightlight.com\/sk\/product\/nastenna-nocna-lampicka-psia-labka-lumipaw\/","title":{"rendered":"N\u00e1stenn\u00e1 no\u010dn\u00e1 lampi\u010dka psia labka &#8211; LumiPaw"},"content":{"rendered":"","protected":false},"excerpt":{"rendered":"","protected":false},"featured_media":8561,"comment_status":"closed","ping_status":"closed","template":"","meta":[],"product_brand":[],"product_cat":[491,484],"product_tag":[334],"class_list":{"0":"post-8243","1":"product","2":"type-product","3":"status-publish","4":"has-post-thumbnail","6":"product_cat-nastenne-nocne-svetla","7":"product_cat-typy-nocnych-svetiel","8":"product_tag-murale","10":"first","11":"instock","12":"taxable","13":"shipping-taxable","14":"purchasable","15":"product-type-simple"},"_links":{"self":[{"href":"https:\/\/glownightlight.com\/sk\/wp-json\/wp\/v2\/product\/8243","targetHints":{"allow":["GET"]}}],"collection":[{"href":"https:\/\/glownightlight.com\/sk\/wp-json\/wp\/v2\/product"}],"about":[{"href":"https:\/\/glownightlight.com\/sk\/wp-json\/wp\/v2\/types\/product"}],"replies":[{"embeddable":true,"href":"https:\/\/glownightlight.com\/sk\/wp-json\/wp\/v2\/comments?post=8243"}],"wp:featuredmedia":[{"embeddable":true,"href":"https:\/\/glownightlight.com\/sk\/wp-json\/wp\/v2\/media\/8561"}],"wp:attachment":[{"href":"https:\/\/glownightlight.com\/sk\/wp-json\/wp\/v2\/media?parent=8243"}],"wp:term":[{"taxonomy":"product_brand","embeddable":true,"href":"https:\/\/glownightlight.com\/sk\/wp-json\/wp\/v2\/product_brand?post=8243"},{"taxonomy":"product_cat","embeddable":true,"href":"https:\/\/glownightlight.com\/sk\/wp-json\/wp\/v2\/product_cat?post=8243"},{"taxonomy":"product_tag","embeddable":true,"href":"https:\/\/glownightlight.com\/sk\/wp-json\/wp\/v2\/product_tag?post=8243"}],"curies":[{"name":"wp","href":"https:\/\/api.w.org\/{rel}","templated":true}]}}