{"id":8229,"date":"2026-04-13T21:07:43","date_gmt":"2026-04-13T21:07:43","guid":{"rendered":"https:\/\/glownightlight.com\/sk\/?post_type=product&#038;p=8229"},"modified":"2026-04-13T21:10:18","modified_gmt":"2026-04-13T21:10:18","slug":"silikonova-nocna-lampicka-tiger-tigerluz","status":"publish","type":"product","link":"https:\/\/glownightlight.com\/sk\/product\/silikonova-nocna-lampicka-tiger-tigerluz\/","title":{"rendered":"Silik\u00f3nov\u00e1 no\u010dn\u00e1 lampi\u010dka tiger &#8211; TigerLuz"},"content":{"rendered":"","protected":false},"excerpt":{"rendered":"","protected":false},"featured_media":8547,"comment_status":"closed","ping_status":"closed","template":"","meta":[],"product_brand":[],"product_cat":[489,484],"product_tag":[290,291,283,440],"class_list":{"0":"post-8229","1":"product","2":"type-product","3":"status-publish","4":"has-post-thumbnail","6":"product_cat-nocne-svetla","7":"product_cat-typy-nocnych-svetiel","8":"product_tag-animal","9":"product_tag-animaux","10":"product_tag-nature","11":"product_tag-tigre","13":"first","14":"instock","15":"taxable","16":"shipping-taxable","17":"purchasable","18":"product-type-simple"},"_links":{"self":[{"href":"https:\/\/glownightlight.com\/sk\/wp-json\/wp\/v2\/product\/8229","targetHints":{"allow":["GET"]}}],"collection":[{"href":"https:\/\/glownightlight.com\/sk\/wp-json\/wp\/v2\/product"}],"about":[{"href":"https:\/\/glownightlight.com\/sk\/wp-json\/wp\/v2\/types\/product"}],"replies":[{"embeddable":true,"href":"https:\/\/glownightlight.com\/sk\/wp-json\/wp\/v2\/comments?post=8229"}],"wp:featuredmedia":[{"embeddable":true,"href":"https:\/\/glownightlight.com\/sk\/wp-json\/wp\/v2\/media\/8547"}],"wp:attachment":[{"href":"https:\/\/glownightlight.com\/sk\/wp-json\/wp\/v2\/media?parent=8229"}],"wp:term":[{"taxonomy":"product_brand","embeddable":true,"href":"https:\/\/glownightlight.com\/sk\/wp-json\/wp\/v2\/product_brand?post=8229"},{"taxonomy":"product_cat","embeddable":true,"href":"https:\/\/glownightlight.com\/sk\/wp-json\/wp\/v2\/product_cat?post=8229"},{"taxonomy":"product_tag","embeddable":true,"href":"https:\/\/glownightlight.com\/sk\/wp-json\/wp\/v2\/product_tag?post=8229"}],"curies":[{"name":"wp","href":"https:\/\/api.w.org\/{rel}","templated":true}]}}