{"id":8194,"date":"2026-04-13T21:07:33","date_gmt":"2026-04-13T21:07:33","guid":{"rendered":"https:\/\/glownightlight.com\/sk\/?post_type=product&#038;p=8194"},"modified":"2026-04-13T21:14:22","modified_gmt":"2026-04-13T21:14:22","slug":"nocna-lampicka-plysovy-vlk-loupiot","status":"publish","type":"product","link":"https:\/\/glownightlight.com\/sk\/product\/nocna-lampicka-plysovy-vlk-loupiot\/","title":{"rendered":"No\u010dn\u00e1 lampi\u010dka ply\u0161ov\u00fd vlk | Loupiot"},"content":{"rendered":"","protected":false},"excerpt":{"rendered":"","protected":false},"featured_media":8512,"comment_status":"closed","ping_status":"closed","template":"","meta":[],"product_brand":[],"product_cat":[490,484],"product_tag":[],"class_list":{"0":"post-8194","1":"product","2":"type-product","3":"status-publish","4":"has-post-thumbnail","6":"product_cat-plysove-nocne-svetla","7":"product_cat-typy-nocnych-svetiel","9":"first","10":"instock","11":"taxable","12":"shipping-taxable","13":"purchasable","14":"product-type-variable"},"_links":{"self":[{"href":"https:\/\/glownightlight.com\/sk\/wp-json\/wp\/v2\/product\/8194","targetHints":{"allow":["GET"]}}],"collection":[{"href":"https:\/\/glownightlight.com\/sk\/wp-json\/wp\/v2\/product"}],"about":[{"href":"https:\/\/glownightlight.com\/sk\/wp-json\/wp\/v2\/types\/product"}],"replies":[{"embeddable":true,"href":"https:\/\/glownightlight.com\/sk\/wp-json\/wp\/v2\/comments?post=8194"}],"wp:featuredmedia":[{"embeddable":true,"href":"https:\/\/glownightlight.com\/sk\/wp-json\/wp\/v2\/media\/8512"}],"wp:attachment":[{"href":"https:\/\/glownightlight.com\/sk\/wp-json\/wp\/v2\/media?parent=8194"}],"wp:term":[{"taxonomy":"product_brand","embeddable":true,"href":"https:\/\/glownightlight.com\/sk\/wp-json\/wp\/v2\/product_brand?post=8194"},{"taxonomy":"product_cat","embeddable":true,"href":"https:\/\/glownightlight.com\/sk\/wp-json\/wp\/v2\/product_cat?post=8194"},{"taxonomy":"product_tag","embeddable":true,"href":"https:\/\/glownightlight.com\/sk\/wp-json\/wp\/v2\/product_tag?post=8194"}],"curies":[{"name":"wp","href":"https:\/\/api.w.org\/{rel}","templated":true}]}}