{"id":8182,"date":"2026-04-13T21:07:30","date_gmt":"2026-04-13T21:07:30","guid":{"rendered":"https:\/\/glownightlight.com\/sk\/?post_type=product&#038;p=8182"},"modified":"2026-04-13T21:14:21","modified_gmt":"2026-04-13T21:14:21","slug":"srdcova-nocna-lampicka-lovelight","status":"publish","type":"product","link":"https:\/\/glownightlight.com\/sk\/product\/srdcova-nocna-lampicka-lovelight\/","title":{"rendered":"Srdcov\u00e1 no\u010dn\u00e1 lampi\u010dka &#8211; LoveLight"},"content":{"rendered":"","protected":false},"excerpt":{"rendered":"","protected":false},"featured_media":8500,"comment_status":"closed","ping_status":"closed","template":"","meta":[],"product_brand":[],"product_cat":[484,492],"product_tag":[339,394],"class_list":{"0":"post-8182","1":"product","2":"type-product","3":"status-publish","4":"has-post-thumbnail","6":"product_cat-typy-nocnych-svetiel","7":"product_cat-zastrckove-nocne-svetla","8":"product_tag-coeur","9":"product_tag-prise","11":"first","12":"instock","13":"taxable","14":"shipping-taxable","15":"purchasable","16":"product-type-variable"},"_links":{"self":[{"href":"https:\/\/glownightlight.com\/sk\/wp-json\/wp\/v2\/product\/8182","targetHints":{"allow":["GET"]}}],"collection":[{"href":"https:\/\/glownightlight.com\/sk\/wp-json\/wp\/v2\/product"}],"about":[{"href":"https:\/\/glownightlight.com\/sk\/wp-json\/wp\/v2\/types\/product"}],"replies":[{"embeddable":true,"href":"https:\/\/glownightlight.com\/sk\/wp-json\/wp\/v2\/comments?post=8182"}],"wp:featuredmedia":[{"embeddable":true,"href":"https:\/\/glownightlight.com\/sk\/wp-json\/wp\/v2\/media\/8500"}],"wp:attachment":[{"href":"https:\/\/glownightlight.com\/sk\/wp-json\/wp\/v2\/media?parent=8182"}],"wp:term":[{"taxonomy":"product_brand","embeddable":true,"href":"https:\/\/glownightlight.com\/sk\/wp-json\/wp\/v2\/product_brand?post=8182"},{"taxonomy":"product_cat","embeddable":true,"href":"https:\/\/glownightlight.com\/sk\/wp-json\/wp\/v2\/product_cat?post=8182"},{"taxonomy":"product_tag","embeddable":true,"href":"https:\/\/glownightlight.com\/sk\/wp-json\/wp\/v2\/product_tag?post=8182"}],"curies":[{"name":"wp","href":"https:\/\/api.w.org\/{rel}","templated":true}]}}