{"id":8173,"date":"2026-04-13T21:07:28","date_gmt":"2026-04-13T21:07:28","guid":{"rendered":"https:\/\/glownightlight.com\/sk\/?post_type=product&#038;p=8173"},"modified":"2026-04-13T21:09:48","modified_gmt":"2026-04-13T21:09:48","slug":"nabijatelna-nocna-lampicka-medved-bearylight","status":"publish","type":"product","link":"https:\/\/glownightlight.com\/sk\/product\/nabijatelna-nocna-lampicka-medved-bearylight\/","title":{"rendered":"Nab\u00edjate\u013en\u00e1 no\u010dn\u00e1 lampi\u010dka Medve\u010f &#8211; BearyLight"},"content":{"rendered":"","protected":false},"excerpt":{"rendered":"","protected":false},"featured_media":8491,"comment_status":"closed","ping_status":"closed","template":"","meta":[],"product_brand":[],"product_cat":[486],"product_tag":[291],"class_list":{"0":"post-8173","1":"product","2":"type-product","3":"status-publish","4":"has-post-thumbnail","6":"product_cat-zvieracie-nocne-svetla","7":"product_tag-animaux","9":"first","10":"instock","11":"taxable","12":"shipping-taxable","13":"purchasable","14":"product-type-simple"},"_links":{"self":[{"href":"https:\/\/glownightlight.com\/sk\/wp-json\/wp\/v2\/product\/8173","targetHints":{"allow":["GET"]}}],"collection":[{"href":"https:\/\/glownightlight.com\/sk\/wp-json\/wp\/v2\/product"}],"about":[{"href":"https:\/\/glownightlight.com\/sk\/wp-json\/wp\/v2\/types\/product"}],"replies":[{"embeddable":true,"href":"https:\/\/glownightlight.com\/sk\/wp-json\/wp\/v2\/comments?post=8173"}],"wp:featuredmedia":[{"embeddable":true,"href":"https:\/\/glownightlight.com\/sk\/wp-json\/wp\/v2\/media\/8491"}],"wp:attachment":[{"href":"https:\/\/glownightlight.com\/sk\/wp-json\/wp\/v2\/media?parent=8173"}],"wp:term":[{"taxonomy":"product_brand","embeddable":true,"href":"https:\/\/glownightlight.com\/sk\/wp-json\/wp\/v2\/product_brand?post=8173"},{"taxonomy":"product_cat","embeddable":true,"href":"https:\/\/glownightlight.com\/sk\/wp-json\/wp\/v2\/product_cat?post=8173"},{"taxonomy":"product_tag","embeddable":true,"href":"https:\/\/glownightlight.com\/sk\/wp-json\/wp\/v2\/product_tag?post=8173"}],"curies":[{"name":"wp","href":"https:\/\/api.w.org\/{rel}","templated":true}]}}