{"id":8127,"date":"2026-04-13T21:07:14","date_gmt":"2026-04-13T21:07:14","guid":{"rendered":"https:\/\/glownightlight.com\/sk\/?post_type=product&#038;p=8127"},"modified":"2026-04-13T21:09:26","modified_gmt":"2026-04-13T21:09:26","slug":"vianocna-nocna-lampicka-ponozka-socklight","status":"publish","type":"product","link":"https:\/\/glownightlight.com\/sk\/product\/vianocna-nocna-lampicka-ponozka-socklight\/","title":{"rendered":"Viano\u010dn\u00e1 no\u010dn\u00e1 lampi\u010dka pono\u017eka | SockLight"},"content":{"rendered":"","protected":false},"excerpt":{"rendered":"","protected":false},"featured_media":8445,"comment_status":"closed","ping_status":"closed","template":"","meta":[],"product_brand":[],"product_cat":[489,484],"product_tag":[314],"class_list":{"0":"post-8127","1":"product","2":"type-product","3":"status-publish","4":"has-post-thumbnail","6":"product_cat-nocne-svetla","7":"product_cat-typy-nocnych-svetiel","8":"product_tag-noel","10":"first","11":"instock","12":"taxable","13":"shipping-taxable","14":"purchasable","15":"product-type-simple"},"_links":{"self":[{"href":"https:\/\/glownightlight.com\/sk\/wp-json\/wp\/v2\/product\/8127","targetHints":{"allow":["GET"]}}],"collection":[{"href":"https:\/\/glownightlight.com\/sk\/wp-json\/wp\/v2\/product"}],"about":[{"href":"https:\/\/glownightlight.com\/sk\/wp-json\/wp\/v2\/types\/product"}],"replies":[{"embeddable":true,"href":"https:\/\/glownightlight.com\/sk\/wp-json\/wp\/v2\/comments?post=8127"}],"wp:featuredmedia":[{"embeddable":true,"href":"https:\/\/glownightlight.com\/sk\/wp-json\/wp\/v2\/media\/8445"}],"wp:attachment":[{"href":"https:\/\/glownightlight.com\/sk\/wp-json\/wp\/v2\/media?parent=8127"}],"wp:term":[{"taxonomy":"product_brand","embeddable":true,"href":"https:\/\/glownightlight.com\/sk\/wp-json\/wp\/v2\/product_brand?post=8127"},{"taxonomy":"product_cat","embeddable":true,"href":"https:\/\/glownightlight.com\/sk\/wp-json\/wp\/v2\/product_cat?post=8127"},{"taxonomy":"product_tag","embeddable":true,"href":"https:\/\/glownightlight.com\/sk\/wp-json\/wp\/v2\/product_tag?post=8127"}],"curies":[{"name":"wp","href":"https:\/\/api.w.org\/{rel}","templated":true}]}}