{"id":8088,"date":"2026-04-13T21:07:02","date_gmt":"2026-04-13T21:07:02","guid":{"rendered":"https:\/\/glownightlight.com\/sk\/?post_type=product&#038;p=8088"},"modified":"2026-04-13T21:09:08","modified_gmt":"2026-04-13T21:09:08","slug":"hruskova-nocna-lampa-noctapoire","status":"publish","type":"product","link":"https:\/\/glownightlight.com\/sk\/product\/hruskova-nocna-lampa-noctapoire\/","title":{"rendered":"Hru\u0161kov\u00e1 No\u010dn\u00e1 Lampa &#8211; NoctaPoire"},"content":{"rendered":"","protected":false},"excerpt":{"rendered":"","protected":false},"featured_media":8406,"comment_status":"closed","ping_status":"closed","template":"","meta":[],"product_brand":[],"product_cat":[489,484],"product_tag":[302,309,397],"class_list":{"0":"post-8088","1":"product","2":"type-product","3":"status-publish","4":"has-post-thumbnail","6":"product_cat-nocne-svetla","7":"product_cat-typy-nocnych-svetiel","8":"product_tag-fruit","9":"product_tag-jaune","10":"product_tag-poire","12":"first","13":"instock","14":"taxable","15":"shipping-taxable","16":"purchasable","17":"product-type-simple"},"_links":{"self":[{"href":"https:\/\/glownightlight.com\/sk\/wp-json\/wp\/v2\/product\/8088","targetHints":{"allow":["GET"]}}],"collection":[{"href":"https:\/\/glownightlight.com\/sk\/wp-json\/wp\/v2\/product"}],"about":[{"href":"https:\/\/glownightlight.com\/sk\/wp-json\/wp\/v2\/types\/product"}],"replies":[{"embeddable":true,"href":"https:\/\/glownightlight.com\/sk\/wp-json\/wp\/v2\/comments?post=8088"}],"wp:featuredmedia":[{"embeddable":true,"href":"https:\/\/glownightlight.com\/sk\/wp-json\/wp\/v2\/media\/8406"}],"wp:attachment":[{"href":"https:\/\/glownightlight.com\/sk\/wp-json\/wp\/v2\/media?parent=8088"}],"wp:term":[{"taxonomy":"product_brand","embeddable":true,"href":"https:\/\/glownightlight.com\/sk\/wp-json\/wp\/v2\/product_brand?post=8088"},{"taxonomy":"product_cat","embeddable":true,"href":"https:\/\/glownightlight.com\/sk\/wp-json\/wp\/v2\/product_cat?post=8088"},{"taxonomy":"product_tag","embeddable":true,"href":"https:\/\/glownightlight.com\/sk\/wp-json\/wp\/v2\/product_tag?post=8088"}],"curies":[{"name":"wp","href":"https:\/\/api.w.org\/{rel}","templated":true}]}}