{"id":8084,"date":"2026-04-13T21:07:01","date_gmt":"2026-04-13T21:07:01","guid":{"rendered":"https:\/\/glownightlight.com\/sk\/?post_type=product&#038;p=8084"},"modified":"2026-04-13T21:09:06","modified_gmt":"2026-04-13T21:09:06","slug":"nocna-lampicka-krystalova-gula-maly-princ","status":"publish","type":"product","link":"https:\/\/glownightlight.com\/sk\/product\/nocna-lampicka-krystalova-gula-maly-princ\/","title":{"rendered":"No\u010dn\u00e1 lampi\u010dka Kry\u0161t\u00e1lov\u00e1 Gu\u013ea Mal\u00fd Princ"},"content":{"rendered":"","protected":false},"excerpt":{"rendered":"","protected":false},"featured_media":8402,"comment_status":"closed","ping_status":"closed","template":"","meta":[],"product_brand":[],"product_cat":[489,484],"product_tag":[395,396],"class_list":{"0":"post-8084","1":"product","2":"type-product","3":"status-publish","4":"has-post-thumbnail","6":"product_cat-nocne-svetla","7":"product_cat-typy-nocnych-svetiel","8":"product_tag-boule","9":"product_tag-petit-prince","11":"first","12":"instock","13":"taxable","14":"shipping-taxable","15":"purchasable","16":"product-type-simple"},"_links":{"self":[{"href":"https:\/\/glownightlight.com\/sk\/wp-json\/wp\/v2\/product\/8084","targetHints":{"allow":["GET"]}}],"collection":[{"href":"https:\/\/glownightlight.com\/sk\/wp-json\/wp\/v2\/product"}],"about":[{"href":"https:\/\/glownightlight.com\/sk\/wp-json\/wp\/v2\/types\/product"}],"replies":[{"embeddable":true,"href":"https:\/\/glownightlight.com\/sk\/wp-json\/wp\/v2\/comments?post=8084"}],"wp:featuredmedia":[{"embeddable":true,"href":"https:\/\/glownightlight.com\/sk\/wp-json\/wp\/v2\/media\/8402"}],"wp:attachment":[{"href":"https:\/\/glownightlight.com\/sk\/wp-json\/wp\/v2\/media?parent=8084"}],"wp:term":[{"taxonomy":"product_brand","embeddable":true,"href":"https:\/\/glownightlight.com\/sk\/wp-json\/wp\/v2\/product_brand?post=8084"},{"taxonomy":"product_cat","embeddable":true,"href":"https:\/\/glownightlight.com\/sk\/wp-json\/wp\/v2\/product_cat?post=8084"},{"taxonomy":"product_tag","embeddable":true,"href":"https:\/\/glownightlight.com\/sk\/wp-json\/wp\/v2\/product_tag?post=8084"}],"curies":[{"name":"wp","href":"https:\/\/api.w.org\/{rel}","templated":true}]}}