{"id":8082,"date":"2026-04-13T21:07:00","date_gmt":"2026-04-13T21:07:00","guid":{"rendered":"https:\/\/glownightlight.com\/sk\/?post_type=product&#038;p=8082"},"modified":"2026-04-13T21:09:05","modified_gmt":"2026-04-13T21:09:05","slug":"nocna-lampicka-pre-deti-do-zasuvky-lumiprise","status":"publish","type":"product","link":"https:\/\/glownightlight.com\/sk\/product\/nocna-lampicka-pre-deti-do-zasuvky-lumiprise\/","title":{"rendered":"No\u010dn\u00e1 lampi\u010dka pre deti do z\u00e1suvky | LumiPrise"},"content":{"rendered":"","protected":false},"excerpt":{"rendered":"","protected":false},"featured_media":8400,"comment_status":"closed","ping_status":"closed","template":"","meta":[],"product_brand":[],"product_cat":[484,492],"product_tag":[319,394],"class_list":{"0":"post-8082","1":"product","2":"type-product","3":"status-publish","4":"has-post-thumbnail","6":"product_cat-typy-nocnych-svetiel","7":"product_cat-zastrckove-nocne-svetla","8":"product_tag-multicolor","9":"product_tag-prise","11":"first","12":"instock","13":"taxable","14":"shipping-taxable","15":"purchasable","16":"product-type-simple"},"_links":{"self":[{"href":"https:\/\/glownightlight.com\/sk\/wp-json\/wp\/v2\/product\/8082","targetHints":{"allow":["GET"]}}],"collection":[{"href":"https:\/\/glownightlight.com\/sk\/wp-json\/wp\/v2\/product"}],"about":[{"href":"https:\/\/glownightlight.com\/sk\/wp-json\/wp\/v2\/types\/product"}],"replies":[{"embeddable":true,"href":"https:\/\/glownightlight.com\/sk\/wp-json\/wp\/v2\/comments?post=8082"}],"wp:featuredmedia":[{"embeddable":true,"href":"https:\/\/glownightlight.com\/sk\/wp-json\/wp\/v2\/media\/8400"}],"wp:attachment":[{"href":"https:\/\/glownightlight.com\/sk\/wp-json\/wp\/v2\/media?parent=8082"}],"wp:term":[{"taxonomy":"product_brand","embeddable":true,"href":"https:\/\/glownightlight.com\/sk\/wp-json\/wp\/v2\/product_brand?post=8082"},{"taxonomy":"product_cat","embeddable":true,"href":"https:\/\/glownightlight.com\/sk\/wp-json\/wp\/v2\/product_cat?post=8082"},{"taxonomy":"product_tag","embeddable":true,"href":"https:\/\/glownightlight.com\/sk\/wp-json\/wp\/v2\/product_tag?post=8082"}],"curies":[{"name":"wp","href":"https:\/\/api.w.org\/{rel}","templated":true}]}}