{"id":8071,"date":"2026-04-13T21:06:57","date_gmt":"2026-04-13T21:06:57","guid":{"rendered":"https:\/\/glownightlight.com\/sk\/?post_type=product&#038;p=8071"},"modified":"2026-04-13T21:08:58","modified_gmt":"2026-04-13T21:08:58","slug":"nocna-lampicka-velryba-pre-babatka-baliluz","status":"publish","type":"product","link":"https:\/\/glownightlight.com\/sk\/product\/nocna-lampicka-velryba-pre-babatka-baliluz\/","title":{"rendered":"No\u010dn\u00e1 lampi\u010dka ve\u013eryba pre b\u00e1b\u00e4tk\u00e1 | BaliLuz"},"content":{"rendered":"","protected":false},"excerpt":{"rendered":"","protected":false},"featured_media":8389,"comment_status":"closed","ping_status":"closed","template":"","meta":[],"product_brand":[],"product_cat":[],"product_tag":[290,291,383],"class_list":{"0":"post-8071","1":"product","2":"type-product","3":"status-publish","4":"has-post-thumbnail","6":"product_tag-animal","7":"product_tag-animaux","8":"product_tag-mer","10":"first","11":"instock","12":"taxable","13":"shipping-taxable","14":"purchasable","15":"product-type-simple"},"_links":{"self":[{"href":"https:\/\/glownightlight.com\/sk\/wp-json\/wp\/v2\/product\/8071","targetHints":{"allow":["GET"]}}],"collection":[{"href":"https:\/\/glownightlight.com\/sk\/wp-json\/wp\/v2\/product"}],"about":[{"href":"https:\/\/glownightlight.com\/sk\/wp-json\/wp\/v2\/types\/product"}],"replies":[{"embeddable":true,"href":"https:\/\/glownightlight.com\/sk\/wp-json\/wp\/v2\/comments?post=8071"}],"wp:featuredmedia":[{"embeddable":true,"href":"https:\/\/glownightlight.com\/sk\/wp-json\/wp\/v2\/media\/8389"}],"wp:attachment":[{"href":"https:\/\/glownightlight.com\/sk\/wp-json\/wp\/v2\/media?parent=8071"}],"wp:term":[{"taxonomy":"product_brand","embeddable":true,"href":"https:\/\/glownightlight.com\/sk\/wp-json\/wp\/v2\/product_brand?post=8071"},{"taxonomy":"product_cat","embeddable":true,"href":"https:\/\/glownightlight.com\/sk\/wp-json\/wp\/v2\/product_cat?post=8071"},{"taxonomy":"product_tag","embeddable":true,"href":"https:\/\/glownightlight.com\/sk\/wp-json\/wp\/v2\/product_tag?post=8071"}],"curies":[{"name":"wp","href":"https:\/\/api.w.org\/{rel}","templated":true}]}}