{"id":7991,"date":"2026-04-13T21:06:34","date_gmt":"2026-04-13T21:06:34","guid":{"rendered":"https:\/\/glownightlight.com\/sk\/?post_type=product&#038;p=7991"},"modified":"2026-04-13T21:14:09","modified_gmt":"2026-04-13T21:14:09","slug":"budik-nocna-lampicka-zajac-bunnyrise","status":"publish","type":"product","link":"https:\/\/glownightlight.com\/sk\/product\/budik-nocna-lampicka-zajac-bunnyrise\/","title":{"rendered":"Bud\u00edk no\u010dn\u00e1 lampi\u010dka zajac &#8211; BunnyRise"},"content":{"rendered":"","protected":false},"excerpt":{"rendered":"","protected":false},"featured_media":8309,"comment_status":"closed","ping_status":"closed","template":"","meta":[],"product_brand":[],"product_cat":[488,484],"product_tag":[290,291,307,283,284],"class_list":{"0":"post-7991","1":"product","2":"type-product","3":"status-publish","4":"has-post-thumbnail","6":"product_cat-detske-budiky","7":"product_cat-typy-nocnych-svetiel","8":"product_tag-animal","9":"product_tag-animaux","10":"product_tag-lapin","11":"product_tag-nature","12":"product_tag-reveil","14":"first","15":"instock","16":"taxable","17":"shipping-taxable","18":"purchasable","19":"product-type-variable"},"_links":{"self":[{"href":"https:\/\/glownightlight.com\/sk\/wp-json\/wp\/v2\/product\/7991","targetHints":{"allow":["GET"]}}],"collection":[{"href":"https:\/\/glownightlight.com\/sk\/wp-json\/wp\/v2\/product"}],"about":[{"href":"https:\/\/glownightlight.com\/sk\/wp-json\/wp\/v2\/types\/product"}],"replies":[{"embeddable":true,"href":"https:\/\/glownightlight.com\/sk\/wp-json\/wp\/v2\/comments?post=7991"}],"wp:featuredmedia":[{"embeddable":true,"href":"https:\/\/glownightlight.com\/sk\/wp-json\/wp\/v2\/media\/8309"}],"wp:attachment":[{"href":"https:\/\/glownightlight.com\/sk\/wp-json\/wp\/v2\/media?parent=7991"}],"wp:term":[{"taxonomy":"product_brand","embeddable":true,"href":"https:\/\/glownightlight.com\/sk\/wp-json\/wp\/v2\/product_brand?post=7991"},{"taxonomy":"product_cat","embeddable":true,"href":"https:\/\/glownightlight.com\/sk\/wp-json\/wp\/v2\/product_cat?post=7991"},{"taxonomy":"product_tag","embeddable":true,"href":"https:\/\/glownightlight.com\/sk\/wp-json\/wp\/v2\/product_tag?post=7991"}],"curies":[{"name":"wp","href":"https:\/\/api.w.org\/{rel}","templated":true}]}}