{"id":7985,"date":"2026-04-13T21:06:32","date_gmt":"2026-04-13T21:06:32","guid":{"rendered":"https:\/\/glownightlight.com\/sk\/?post_type=product&#038;p=7985"},"modified":"2026-04-13T21:14:09","modified_gmt":"2026-04-13T21:14:09","slug":"detska-nocna-lampicka-slon-lumiphant","status":"publish","type":"product","link":"https:\/\/glownightlight.com\/sk\/product\/detska-nocna-lampicka-slon-lumiphant\/","title":{"rendered":"Detsk\u00e1 no\u010dn\u00e1 lampi\u010dka Slon | LumiPhant"},"content":{"rendered":"","protected":false},"excerpt":{"rendered":"","protected":false},"featured_media":8303,"comment_status":"closed","ping_status":"closed","template":"","meta":[],"product_brand":[],"product_cat":[486],"product_tag":[290,291,283],"class_list":{"0":"post-7985","1":"product","2":"type-product","3":"status-publish","4":"has-post-thumbnail","6":"product_cat-zvieracie-nocne-svetla","7":"product_tag-animal","8":"product_tag-animaux","9":"product_tag-nature","11":"first","12":"instock","13":"taxable","14":"shipping-taxable","15":"purchasable","16":"product-type-variable"},"_links":{"self":[{"href":"https:\/\/glownightlight.com\/sk\/wp-json\/wp\/v2\/product\/7985","targetHints":{"allow":["GET"]}}],"collection":[{"href":"https:\/\/glownightlight.com\/sk\/wp-json\/wp\/v2\/product"}],"about":[{"href":"https:\/\/glownightlight.com\/sk\/wp-json\/wp\/v2\/types\/product"}],"replies":[{"embeddable":true,"href":"https:\/\/glownightlight.com\/sk\/wp-json\/wp\/v2\/comments?post=7985"}],"wp:featuredmedia":[{"embeddable":true,"href":"https:\/\/glownightlight.com\/sk\/wp-json\/wp\/v2\/media\/8303"}],"wp:attachment":[{"href":"https:\/\/glownightlight.com\/sk\/wp-json\/wp\/v2\/media?parent=7985"}],"wp:term":[{"taxonomy":"product_brand","embeddable":true,"href":"https:\/\/glownightlight.com\/sk\/wp-json\/wp\/v2\/product_brand?post=7985"},{"taxonomy":"product_cat","embeddable":true,"href":"https:\/\/glownightlight.com\/sk\/wp-json\/wp\/v2\/product_cat?post=7985"},{"taxonomy":"product_tag","embeddable":true,"href":"https:\/\/glownightlight.com\/sk\/wp-json\/wp\/v2\/product_tag?post=7985"}],"curies":[{"name":"wp","href":"https:\/\/api.w.org\/{rel}","templated":true}]}}