{"id":8249,"date":"2026-04-13T21:16:33","date_gmt":"2026-04-13T21:16:33","guid":{"rendered":"https:\/\/glownightlight.com\/ro\/?post_type=product&#038;p=8249"},"modified":"2026-04-13T21:19:10","modified_gmt":"2026-04-13T21:19:10","slug":"quramoon-lumina-de-noapte-coranica-luna","status":"publish","type":"product","link":"https:\/\/glownightlight.com\/ro\/product\/quramoon-lumina-de-noapte-coranica-luna\/","title":{"rendered":"QuraMoon Lumin\u0103 de Noapte Coranic\u0103 &#8211; Lun\u0103"},"content":{"rendered":"","protected":false},"excerpt":{"rendered":"","protected":false},"featured_media":8567,"comment_status":"closed","ping_status":"closed","template":"","meta":[],"product_brand":[],"product_cat":[495,484],"product_tag":[],"class_list":{"0":"post-8249","1":"product","2":"type-product","3":"status-publish","4":"has-post-thumbnail","6":"product_cat-lampi-de-noapte-islamice","7":"product_cat-tipuri-de-lampi-de-noapte","9":"first","10":"instock","11":"taxable","12":"shipping-taxable","13":"purchasable","14":"product-type-simple"},"_links":{"self":[{"href":"https:\/\/glownightlight.com\/ro\/wp-json\/wp\/v2\/product\/8249","targetHints":{"allow":["GET"]}}],"collection":[{"href":"https:\/\/glownightlight.com\/ro\/wp-json\/wp\/v2\/product"}],"about":[{"href":"https:\/\/glownightlight.com\/ro\/wp-json\/wp\/v2\/types\/product"}],"replies":[{"embeddable":true,"href":"https:\/\/glownightlight.com\/ro\/wp-json\/wp\/v2\/comments?post=8249"}],"wp:featuredmedia":[{"embeddable":true,"href":"https:\/\/glownightlight.com\/ro\/wp-json\/wp\/v2\/media\/8567"}],"wp:attachment":[{"href":"https:\/\/glownightlight.com\/ro\/wp-json\/wp\/v2\/media?parent=8249"}],"wp:term":[{"taxonomy":"product_brand","embeddable":true,"href":"https:\/\/glownightlight.com\/ro\/wp-json\/wp\/v2\/product_brand?post=8249"},{"taxonomy":"product_cat","embeddable":true,"href":"https:\/\/glownightlight.com\/ro\/wp-json\/wp\/v2\/product_cat?post=8249"},{"taxonomy":"product_tag","embeddable":true,"href":"https:\/\/glownightlight.com\/ro\/wp-json\/wp\/v2\/product_tag?post=8249"}],"curies":[{"name":"wp","href":"https:\/\/api.w.org\/{rel}","templated":true}]}}