{"id":8108,"date":"2026-04-13T21:15:52","date_gmt":"2026-04-13T21:15:52","guid":{"rendered":"https:\/\/glownightlight.com\/ro\/?post_type=product&#038;p=8108"},"modified":"2026-04-13T21:23:36","modified_gmt":"2026-04-13T21:23:36","slug":"ceas-desteptator-cu-lampa-de-noapte-catelus-puppyrise","status":"publish","type":"product","link":"https:\/\/glownightlight.com\/ro\/product\/ceas-desteptator-cu-lampa-de-noapte-catelus-puppyrise\/","title":{"rendered":"Ceas de\u0219tept\u0103tor cu lamp\u0103 de noapte c\u0103\u021belu\u0219 &#8211; PuppyRise"},"content":{"rendered":"","protected":false},"excerpt":{"rendered":"","protected":false},"featured_media":8426,"comment_status":"closed","ping_status":"closed","template":"","meta":[],"product_brand":[],"product_cat":[],"product_tag":[284],"class_list":{"0":"post-8108","1":"product","2":"type-product","3":"status-publish","4":"has-post-thumbnail","6":"product_tag-reveil","8":"first","9":"instock","10":"taxable","11":"shipping-taxable","12":"purchasable","13":"product-type-variable"},"_links":{"self":[{"href":"https:\/\/glownightlight.com\/ro\/wp-json\/wp\/v2\/product\/8108","targetHints":{"allow":["GET"]}}],"collection":[{"href":"https:\/\/glownightlight.com\/ro\/wp-json\/wp\/v2\/product"}],"about":[{"href":"https:\/\/glownightlight.com\/ro\/wp-json\/wp\/v2\/types\/product"}],"replies":[{"embeddable":true,"href":"https:\/\/glownightlight.com\/ro\/wp-json\/wp\/v2\/comments?post=8108"}],"wp:featuredmedia":[{"embeddable":true,"href":"https:\/\/glownightlight.com\/ro\/wp-json\/wp\/v2\/media\/8426"}],"wp:attachment":[{"href":"https:\/\/glownightlight.com\/ro\/wp-json\/wp\/v2\/media?parent=8108"}],"wp:term":[{"taxonomy":"product_brand","embeddable":true,"href":"https:\/\/glownightlight.com\/ro\/wp-json\/wp\/v2\/product_brand?post=8108"},{"taxonomy":"product_cat","embeddable":true,"href":"https:\/\/glownightlight.com\/ro\/wp-json\/wp\/v2\/product_cat?post=8108"},{"taxonomy":"product_tag","embeddable":true,"href":"https:\/\/glownightlight.com\/ro\/wp-json\/wp\/v2\/product_tag?post=8108"}],"curies":[{"name":"wp","href":"https:\/\/api.w.org\/{rel}","templated":true}]}}