{"id":8129,"date":"2026-04-13T21:25:22","date_gmt":"2026-04-13T21:25:22","guid":{"rendered":"https:\/\/glownightlight.com\/pt\/?post_type=product&#038;p=8129"},"modified":"2026-04-13T21:33:01","modified_gmt":"2026-04-13T21:33:01","slug":"luz-noturna-ourico-bebe-lumiourico","status":"publish","type":"product","link":"https:\/\/glownightlight.com\/pt\/product\/luz-noturna-ourico-bebe-lumiourico\/","title":{"rendered":"Luz Noturna Ouri\u00e7o Beb\u00ea &#8211; LumiOuri\u00e7o"},"content":{"rendered":"","protected":false},"excerpt":{"rendered":"","protected":false},"featured_media":8447,"comment_status":"closed","ping_status":"closed","template":"","meta":[],"product_brand":[],"product_cat":[486],"product_tag":[291],"class_list":{"0":"post-8129","1":"product","2":"type-product","3":"status-publish","4":"has-post-thumbnail","6":"product_cat-luzes-de-noite-de-animais","7":"product_tag-animaux","9":"first","10":"instock","11":"taxable","12":"shipping-taxable","13":"purchasable","14":"product-type-variable"},"_links":{"self":[{"href":"https:\/\/glownightlight.com\/pt\/wp-json\/wp\/v2\/product\/8129","targetHints":{"allow":["GET"]}}],"collection":[{"href":"https:\/\/glownightlight.com\/pt\/wp-json\/wp\/v2\/product"}],"about":[{"href":"https:\/\/glownightlight.com\/pt\/wp-json\/wp\/v2\/types\/product"}],"replies":[{"embeddable":true,"href":"https:\/\/glownightlight.com\/pt\/wp-json\/wp\/v2\/comments?post=8129"}],"wp:featuredmedia":[{"embeddable":true,"href":"https:\/\/glownightlight.com\/pt\/wp-json\/wp\/v2\/media\/8447"}],"wp:attachment":[{"href":"https:\/\/glownightlight.com\/pt\/wp-json\/wp\/v2\/media?parent=8129"}],"wp:term":[{"taxonomy":"product_brand","embeddable":true,"href":"https:\/\/glownightlight.com\/pt\/wp-json\/wp\/v2\/product_brand?post=8129"},{"taxonomy":"product_cat","embeddable":true,"href":"https:\/\/glownightlight.com\/pt\/wp-json\/wp\/v2\/product_cat?post=8129"},{"taxonomy":"product_tag","embeddable":true,"href":"https:\/\/glownightlight.com\/pt\/wp-json\/wp\/v2\/product_tag?post=8129"}],"curies":[{"name":"wp","href":"https:\/\/api.w.org\/{rel}","templated":true}]}}