{"id":8288,"date":"2026-04-13T22:33:29","date_gmt":"2026-04-13T22:33:29","guid":{"rendered":"https:\/\/glownightlight.com\/pl\/?post_type=product&#038;p=8288"},"modified":"2026-04-13T22:36:45","modified_gmt":"2026-04-13T22:36:45","slug":"nocna-lampka-na-sciane-w-ksztalcie-gwiazdy-stellawall","status":"publish","type":"product","link":"https:\/\/glownightlight.com\/pl\/product\/nocna-lampka-na-sciane-w-ksztalcie-gwiazdy-stellawall\/","title":{"rendered":"Nocna lampka na \u015bcian\u0119 w kszta\u0142cie gwiazdy | StellaWall"},"content":{"rendered":"","protected":false},"excerpt":{"rendered":"","protected":false},"featured_media":8606,"comment_status":"closed","ping_status":"closed","template":"","meta":[],"product_brand":[],"product_cat":[484,491],"product_tag":[],"class_list":{"0":"post-8288","1":"product","2":"type-product","3":"status-publish","4":"has-post-thumbnail","6":"product_cat-rodzaje-lampek-nocnych","7":"product_cat-scienne-lampki-nocne","9":"first","10":"instock","11":"taxable","12":"shipping-taxable","13":"purchasable","14":"product-type-simple"},"_links":{"self":[{"href":"https:\/\/glownightlight.com\/pl\/wp-json\/wp\/v2\/product\/8288","targetHints":{"allow":["GET"]}}],"collection":[{"href":"https:\/\/glownightlight.com\/pl\/wp-json\/wp\/v2\/product"}],"about":[{"href":"https:\/\/glownightlight.com\/pl\/wp-json\/wp\/v2\/types\/product"}],"replies":[{"embeddable":true,"href":"https:\/\/glownightlight.com\/pl\/wp-json\/wp\/v2\/comments?post=8288"}],"wp:featuredmedia":[{"embeddable":true,"href":"https:\/\/glownightlight.com\/pl\/wp-json\/wp\/v2\/media\/8606"}],"wp:attachment":[{"href":"https:\/\/glownightlight.com\/pl\/wp-json\/wp\/v2\/media?parent=8288"}],"wp:term":[{"taxonomy":"product_brand","embeddable":true,"href":"https:\/\/glownightlight.com\/pl\/wp-json\/wp\/v2\/product_brand?post=8288"},{"taxonomy":"product_cat","embeddable":true,"href":"https:\/\/glownightlight.com\/pl\/wp-json\/wp\/v2\/product_cat?post=8288"},{"taxonomy":"product_tag","embeddable":true,"href":"https:\/\/glownightlight.com\/pl\/wp-json\/wp\/v2\/product_tag?post=8288"}],"curies":[{"name":"wp","href":"https:\/\/api.w.org\/{rel}","templated":true}]}}