{"id":8220,"date":"2026-04-13T22:33:05","date_gmt":"2026-04-13T22:33:05","guid":{"rendered":"https:\/\/glownightlight.com\/pl\/?post_type=product&#038;p=8220"},"modified":"2026-04-13T22:41:22","modified_gmt":"2026-04-13T22:41:22","slug":"scienne-swiatlo-z-czujnikiem-ruchu-wallglow","status":"publish","type":"product","link":"https:\/\/glownightlight.com\/pl\/product\/scienne-swiatlo-z-czujnikiem-ruchu-wallglow\/","title":{"rendered":"\u015acienne \u015bwiat\u0142o z czujnikiem ruchu &#8211; WallGlow"},"content":{"rendered":"","protected":false},"excerpt":{"rendered":"","protected":false},"featured_media":8538,"comment_status":"closed","ping_status":"closed","template":"","meta":[],"product_brand":[],"product_cat":[484,491],"product_tag":[437,334,344],"class_list":{"0":"post-8220","1":"product","2":"type-product","3":"status-publish","4":"has-post-thumbnail","6":"product_cat-rodzaje-lampek-nocnych","7":"product_cat-scienne-lampki-nocne","8":"product_tag-detecteur","9":"product_tag-murale","10":"product_tag-nomade","12":"first","13":"instock","14":"taxable","15":"shipping-taxable","16":"purchasable","17":"product-type-variable"},"_links":{"self":[{"href":"https:\/\/glownightlight.com\/pl\/wp-json\/wp\/v2\/product\/8220","targetHints":{"allow":["GET"]}}],"collection":[{"href":"https:\/\/glownightlight.com\/pl\/wp-json\/wp\/v2\/product"}],"about":[{"href":"https:\/\/glownightlight.com\/pl\/wp-json\/wp\/v2\/types\/product"}],"replies":[{"embeddable":true,"href":"https:\/\/glownightlight.com\/pl\/wp-json\/wp\/v2\/comments?post=8220"}],"wp:featuredmedia":[{"embeddable":true,"href":"https:\/\/glownightlight.com\/pl\/wp-json\/wp\/v2\/media\/8538"}],"wp:attachment":[{"href":"https:\/\/glownightlight.com\/pl\/wp-json\/wp\/v2\/media?parent=8220"}],"wp:term":[{"taxonomy":"product_brand","embeddable":true,"href":"https:\/\/glownightlight.com\/pl\/wp-json\/wp\/v2\/product_brand?post=8220"},{"taxonomy":"product_cat","embeddable":true,"href":"https:\/\/glownightlight.com\/pl\/wp-json\/wp\/v2\/product_cat?post=8220"},{"taxonomy":"product_tag","embeddable":true,"href":"https:\/\/glownightlight.com\/pl\/wp-json\/wp\/v2\/product_tag?post=8220"}],"curies":[{"name":"wp","href":"https:\/\/api.w.org\/{rel}","templated":true}]}}