{"id":8074,"date":"2026-04-13T22:32:12","date_gmt":"2026-04-13T22:32:12","guid":{"rendered":"https:\/\/glownightlight.com\/pl\/?post_type=product&#038;p=8074"},"modified":"2026-04-13T22:34:29","modified_gmt":"2026-04-13T22:34:29","slug":"budzik-dla-doroslych-z-dzwiekami-natury-aurorarise","status":"publish","type":"product","link":"https:\/\/glownightlight.com\/pl\/product\/budzik-dla-doroslych-z-dzwiekami-natury-aurorarise\/","title":{"rendered":"Budzik dla doros\u0142ych z d\u017awi\u0119kami natury &#8211; AuroraRise"},"content":{"rendered":"","protected":false},"excerpt":{"rendered":"","protected":false},"featured_media":8392,"comment_status":"closed","ping_status":"closed","template":"","meta":[],"product_brand":[],"product_cat":[487,484],"product_tag":[284],"class_list":{"0":"post-8074","1":"product","2":"type-product","3":"status-publish","4":"has-post-thumbnail","6":"product_cat-budziki","7":"product_cat-rodzaje-lampek-nocnych","8":"product_tag-reveil","10":"first","11":"instock","12":"sale","13":"taxable","14":"shipping-taxable","15":"purchasable","16":"product-type-simple"},"_links":{"self":[{"href":"https:\/\/glownightlight.com\/pl\/wp-json\/wp\/v2\/product\/8074","targetHints":{"allow":["GET"]}}],"collection":[{"href":"https:\/\/glownightlight.com\/pl\/wp-json\/wp\/v2\/product"}],"about":[{"href":"https:\/\/glownightlight.com\/pl\/wp-json\/wp\/v2\/types\/product"}],"replies":[{"embeddable":true,"href":"https:\/\/glownightlight.com\/pl\/wp-json\/wp\/v2\/comments?post=8074"}],"wp:featuredmedia":[{"embeddable":true,"href":"https:\/\/glownightlight.com\/pl\/wp-json\/wp\/v2\/media\/8392"}],"wp:attachment":[{"href":"https:\/\/glownightlight.com\/pl\/wp-json\/wp\/v2\/media?parent=8074"}],"wp:term":[{"taxonomy":"product_brand","embeddable":true,"href":"https:\/\/glownightlight.com\/pl\/wp-json\/wp\/v2\/product_brand?post=8074"},{"taxonomy":"product_cat","embeddable":true,"href":"https:\/\/glownightlight.com\/pl\/wp-json\/wp\/v2\/product_cat?post=8074"},{"taxonomy":"product_tag","embeddable":true,"href":"https:\/\/glownightlight.com\/pl\/wp-json\/wp\/v2\/product_tag?post=8074"}],"curies":[{"name":"wp","href":"https:\/\/api.w.org\/{rel}","templated":true}]}}