{"id":8052,"date":"2026-04-13T22:31:59","date_gmt":"2026-04-13T22:31:59","guid":{"rendered":"https:\/\/glownightlight.com\/pl\/?post_type=product&#038;p=8052"},"modified":"2026-04-13T22:34:16","modified_gmt":"2026-04-13T22:34:16","slug":"dzieciecy-budzik-z-symulacja-wschodu-slonca-lumiaube","status":"publish","type":"product","link":"https:\/\/glownightlight.com\/pl\/product\/dzieciecy-budzik-z-symulacja-wschodu-slonca-lumiaube\/","title":{"rendered":"Dzieci\u0119cy budzik z symulacj\u0105 wschodu s\u0142o\u0144ca &#8211; LumiAube"},"content":{"rendered":"","protected":false},"excerpt":{"rendered":"","protected":false},"featured_media":8370,"comment_status":"closed","ping_status":"closed","template":"","meta":[],"product_brand":[],"product_cat":[488,484],"product_tag":[284],"class_list":{"0":"post-8052","1":"product","2":"type-product","3":"status-publish","4":"has-post-thumbnail","6":"product_cat-budziki-dla-dzieci","7":"product_cat-rodzaje-lampek-nocnych","8":"product_tag-reveil","10":"first","11":"instock","12":"sale","13":"taxable","14":"shipping-taxable","15":"purchasable","16":"product-type-simple"},"_links":{"self":[{"href":"https:\/\/glownightlight.com\/pl\/wp-json\/wp\/v2\/product\/8052","targetHints":{"allow":["GET"]}}],"collection":[{"href":"https:\/\/glownightlight.com\/pl\/wp-json\/wp\/v2\/product"}],"about":[{"href":"https:\/\/glownightlight.com\/pl\/wp-json\/wp\/v2\/types\/product"}],"replies":[{"embeddable":true,"href":"https:\/\/glownightlight.com\/pl\/wp-json\/wp\/v2\/comments?post=8052"}],"wp:featuredmedia":[{"embeddable":true,"href":"https:\/\/glownightlight.com\/pl\/wp-json\/wp\/v2\/media\/8370"}],"wp:attachment":[{"href":"https:\/\/glownightlight.com\/pl\/wp-json\/wp\/v2\/media?parent=8052"}],"wp:term":[{"taxonomy":"product_brand","embeddable":true,"href":"https:\/\/glownightlight.com\/pl\/wp-json\/wp\/v2\/product_brand?post=8052"},{"taxonomy":"product_cat","embeddable":true,"href":"https:\/\/glownightlight.com\/pl\/wp-json\/wp\/v2\/product_cat?post=8052"},{"taxonomy":"product_tag","embeddable":true,"href":"https:\/\/glownightlight.com\/pl\/wp-json\/wp\/v2\/product_tag?post=8052"}],"curies":[{"name":"wp","href":"https:\/\/api.w.org\/{rel}","templated":true}]}}