{"id":8017,"date":"2026-04-13T22:31:46","date_gmt":"2026-04-13T22:31:46","guid":{"rendered":"https:\/\/glownightlight.com\/pl\/?post_type=product&#038;p=8017"},"modified":"2026-04-13T22:33:54","modified_gmt":"2026-04-13T22:33:54","slug":"scienna-lampka-nocna-ksiezyc-zenlune","status":"publish","type":"product","link":"https:\/\/glownightlight.com\/pl\/product\/scienna-lampka-nocna-ksiezyc-zenlune\/","title":{"rendered":"\u015acienna lampka nocna Ksi\u0119\u017cyc &#8211; ZenLune"},"content":{"rendered":"","protected":false},"excerpt":{"rendered":"","protected":false},"featured_media":8335,"comment_status":"closed","ping_status":"closed","template":"","meta":[],"product_brand":[],"product_cat":[484,491],"product_tag":[294,295,333,334],"class_list":{"0":"post-8017","1":"product","2":"type-product","3":"status-publish","4":"has-post-thumbnail","6":"product_cat-rodzaje-lampek-nocnych","7":"product_cat-scienne-lampki-nocne","8":"product_tag-ciel","9":"product_tag-etoile","10":"product_tag-lune","11":"product_tag-murale","13":"first","14":"instock","15":"taxable","16":"shipping-taxable","17":"purchasable","18":"product-type-simple"},"_links":{"self":[{"href":"https:\/\/glownightlight.com\/pl\/wp-json\/wp\/v2\/product\/8017","targetHints":{"allow":["GET"]}}],"collection":[{"href":"https:\/\/glownightlight.com\/pl\/wp-json\/wp\/v2\/product"}],"about":[{"href":"https:\/\/glownightlight.com\/pl\/wp-json\/wp\/v2\/types\/product"}],"replies":[{"embeddable":true,"href":"https:\/\/glownightlight.com\/pl\/wp-json\/wp\/v2\/comments?post=8017"}],"wp:featuredmedia":[{"embeddable":true,"href":"https:\/\/glownightlight.com\/pl\/wp-json\/wp\/v2\/media\/8335"}],"wp:attachment":[{"href":"https:\/\/glownightlight.com\/pl\/wp-json\/wp\/v2\/media?parent=8017"}],"wp:term":[{"taxonomy":"product_brand","embeddable":true,"href":"https:\/\/glownightlight.com\/pl\/wp-json\/wp\/v2\/product_brand?post=8017"},{"taxonomy":"product_cat","embeddable":true,"href":"https:\/\/glownightlight.com\/pl\/wp-json\/wp\/v2\/product_cat?post=8017"},{"taxonomy":"product_tag","embeddable":true,"href":"https:\/\/glownightlight.com\/pl\/wp-json\/wp\/v2\/product_tag?post=8017"}],"curies":[{"name":"wp","href":"https:\/\/api.w.org\/{rel}","templated":true}]}}