{"id":7980,"date":"2026-04-13T22:31:32","date_gmt":"2026-04-13T22:31:32","guid":{"rendered":"https:\/\/glownightlight.com\/pl\/?post_type=product&#038;p=7980"},"modified":"2026-04-13T22:41:00","modified_gmt":"2026-04-13T22:41:00","slug":"nocna-lampka-milosc-lovelight","status":"publish","type":"product","link":"https:\/\/glownightlight.com\/pl\/product\/nocna-lampka-milosc-lovelight\/","title":{"rendered":"Nocna Lampka Mi\u0142o\u015b\u0107 &#8211; LoveLight"},"content":{"rendered":"","protected":false},"excerpt":{"rendered":"","protected":false},"featured_media":8298,"comment_status":"closed","ping_status":"closed","template":"","meta":[],"product_brand":[],"product_cat":[489,484],"product_tag":[287,288,289],"class_list":{"0":"post-7980","1":"product","2":"type-product","3":"status-publish","4":"has-post-thumbnail","6":"product_cat-lampki-nocne","7":"product_cat-rodzaje-lampek-nocnych","8":"product_tag-amour","9":"product_tag-led","10":"product_tag-love","12":"first","13":"instock","14":"taxable","15":"shipping-taxable","16":"purchasable","17":"product-type-variable"},"_links":{"self":[{"href":"https:\/\/glownightlight.com\/pl\/wp-json\/wp\/v2\/product\/7980","targetHints":{"allow":["GET"]}}],"collection":[{"href":"https:\/\/glownightlight.com\/pl\/wp-json\/wp\/v2\/product"}],"about":[{"href":"https:\/\/glownightlight.com\/pl\/wp-json\/wp\/v2\/types\/product"}],"replies":[{"embeddable":true,"href":"https:\/\/glownightlight.com\/pl\/wp-json\/wp\/v2\/comments?post=7980"}],"wp:featuredmedia":[{"embeddable":true,"href":"https:\/\/glownightlight.com\/pl\/wp-json\/wp\/v2\/media\/8298"}],"wp:attachment":[{"href":"https:\/\/glownightlight.com\/pl\/wp-json\/wp\/v2\/media?parent=7980"}],"wp:term":[{"taxonomy":"product_brand","embeddable":true,"href":"https:\/\/glownightlight.com\/pl\/wp-json\/wp\/v2\/product_brand?post=7980"},{"taxonomy":"product_cat","embeddable":true,"href":"https:\/\/glownightlight.com\/pl\/wp-json\/wp\/v2\/product_cat?post=7980"},{"taxonomy":"product_tag","embeddable":true,"href":"https:\/\/glownightlight.com\/pl\/wp-json\/wp\/v2\/product_tag?post=7980"}],"curies":[{"name":"wp","href":"https:\/\/api.w.org\/{rel}","templated":true}]}}