{"id":8124,"date":"2026-04-13T21:34:40","date_gmt":"2026-04-13T21:34:40","guid":{"rendered":"https:\/\/glownightlight.com\/hr\/?post_type=product&#038;p=8124"},"modified":"2026-04-13T21:36:55","modified_gmt":"2026-04-13T21:36:55","slug":"silikonska-nocna-svjetiljka-u-obliku-bozicnog-drvca-lumisapin","status":"publish","type":"product","link":"https:\/\/glownightlight.com\/hr\/product\/silikonska-nocna-svjetiljka-u-obliku-bozicnog-drvca-lumisapin\/","title":{"rendered":"Silikonska no\u0107na svjetiljka u obliku bo\u017ei\u0107nog drvca &#8211; LumiSapin"},"content":{"rendered":"","protected":false},"excerpt":{"rendered":"","protected":false},"featured_media":8442,"comment_status":"closed","ping_status":"closed","template":"","meta":[],"product_brand":[],"product_cat":[489,484],"product_tag":[314],"class_list":{"0":"post-8124","1":"product","2":"type-product","3":"status-publish","4":"has-post-thumbnail","6":"product_cat-nocne-svjetiljke","7":"product_cat-vrste-nocnih-svjetiljki","8":"product_tag-noel","10":"first","11":"instock","12":"taxable","13":"shipping-taxable","14":"purchasable","15":"product-type-simple"},"_links":{"self":[{"href":"https:\/\/glownightlight.com\/hr\/wp-json\/wp\/v2\/product\/8124","targetHints":{"allow":["GET"]}}],"collection":[{"href":"https:\/\/glownightlight.com\/hr\/wp-json\/wp\/v2\/product"}],"about":[{"href":"https:\/\/glownightlight.com\/hr\/wp-json\/wp\/v2\/types\/product"}],"replies":[{"embeddable":true,"href":"https:\/\/glownightlight.com\/hr\/wp-json\/wp\/v2\/comments?post=8124"}],"wp:featuredmedia":[{"embeddable":true,"href":"https:\/\/glownightlight.com\/hr\/wp-json\/wp\/v2\/media\/8442"}],"wp:attachment":[{"href":"https:\/\/glownightlight.com\/hr\/wp-json\/wp\/v2\/media?parent=8124"}],"wp:term":[{"taxonomy":"product_brand","embeddable":true,"href":"https:\/\/glownightlight.com\/hr\/wp-json\/wp\/v2\/product_brand?post=8124"},{"taxonomy":"product_cat","embeddable":true,"href":"https:\/\/glownightlight.com\/hr\/wp-json\/wp\/v2\/product_cat?post=8124"},{"taxonomy":"product_tag","embeddable":true,"href":"https:\/\/glownightlight.com\/hr\/wp-json\/wp\/v2\/product_tag?post=8124"}],"curies":[{"name":"wp","href":"https:\/\/api.w.org\/{rel}","templated":true}]}}