{"id":8062,"date":"2026-04-13T21:34:22","date_gmt":"2026-04-13T21:34:22","guid":{"rendered":"https:\/\/glownightlight.com\/hr\/?post_type=product&#038;p=8062"},"modified":"2026-04-13T21:42:19","modified_gmt":"2026-04-13T21:42:19","slug":"nocna-lampica-bundeva-za-noc-vjestica","status":"publish","type":"product","link":"https:\/\/glownightlight.com\/hr\/product\/nocna-lampica-bundeva-za-noc-vjestica\/","title":{"rendered":"No\u0107na lampica bundeva za No\u0107 vje\u0161tica"},"content":{"rendered":"","protected":false},"excerpt":{"rendered":"","protected":false},"featured_media":8380,"comment_status":"closed","ping_status":"closed","template":"","meta":[],"product_brand":[],"product_cat":[489,484],"product_tag":[316],"class_list":{"0":"post-8062","1":"product","2":"type-product","3":"status-publish","4":"has-post-thumbnail","6":"product_cat-nocne-svjetiljke","7":"product_cat-vrste-nocnih-svjetiljki","8":"product_tag-halloween","10":"first","11":"instock","12":"taxable","13":"shipping-taxable","14":"purchasable","15":"product-type-variable"},"_links":{"self":[{"href":"https:\/\/glownightlight.com\/hr\/wp-json\/wp\/v2\/product\/8062","targetHints":{"allow":["GET"]}}],"collection":[{"href":"https:\/\/glownightlight.com\/hr\/wp-json\/wp\/v2\/product"}],"about":[{"href":"https:\/\/glownightlight.com\/hr\/wp-json\/wp\/v2\/types\/product"}],"replies":[{"embeddable":true,"href":"https:\/\/glownightlight.com\/hr\/wp-json\/wp\/v2\/comments?post=8062"}],"wp:featuredmedia":[{"embeddable":true,"href":"https:\/\/glownightlight.com\/hr\/wp-json\/wp\/v2\/media\/8380"}],"wp:attachment":[{"href":"https:\/\/glownightlight.com\/hr\/wp-json\/wp\/v2\/media?parent=8062"}],"wp:term":[{"taxonomy":"product_brand","embeddable":true,"href":"https:\/\/glownightlight.com\/hr\/wp-json\/wp\/v2\/product_brand?post=8062"},{"taxonomy":"product_cat","embeddable":true,"href":"https:\/\/glownightlight.com\/hr\/wp-json\/wp\/v2\/product_cat?post=8062"},{"taxonomy":"product_tag","embeddable":true,"href":"https:\/\/glownightlight.com\/hr\/wp-json\/wp\/v2\/product_tag?post=8062"}],"curies":[{"name":"wp","href":"https:\/\/api.w.org\/{rel}","templated":true}]}}