{"id":8019,"date":"2026-04-13T21:34:10","date_gmt":"2026-04-13T21:34:10","guid":{"rendered":"https:\/\/glownightlight.com\/hr\/?post_type=product&#038;p=8019"},"modified":"2026-04-13T21:35:58","modified_gmt":"2026-04-13T21:35:58","slug":"nocna-svjetiljka-macic-kittyglow","status":"publish","type":"product","link":"https:\/\/glownightlight.com\/hr\/product\/nocna-svjetiljka-macic-kittyglow\/","title":{"rendered":"No\u0107na svjetiljka ma\u010di\u0107 | KittyGlow"},"content":{"rendered":"","protected":false},"excerpt":{"rendered":"","protected":false},"featured_media":8337,"comment_status":"closed","ping_status":"closed","template":"","meta":[],"product_brand":[],"product_cat":[486],"product_tag":[290,291,336,283],"class_list":{"0":"post-8019","1":"product","2":"type-product","3":"status-publish","4":"has-post-thumbnail","6":"product_cat-nocne-svjetiljke-sa-zivotinjama","7":"product_tag-animal","8":"product_tag-animaux","9":"product_tag-chaton","10":"product_tag-nature","12":"first","13":"instock","14":"taxable","15":"shipping-taxable","16":"purchasable","17":"product-type-simple"},"_links":{"self":[{"href":"https:\/\/glownightlight.com\/hr\/wp-json\/wp\/v2\/product\/8019","targetHints":{"allow":["GET"]}}],"collection":[{"href":"https:\/\/glownightlight.com\/hr\/wp-json\/wp\/v2\/product"}],"about":[{"href":"https:\/\/glownightlight.com\/hr\/wp-json\/wp\/v2\/types\/product"}],"replies":[{"embeddable":true,"href":"https:\/\/glownightlight.com\/hr\/wp-json\/wp\/v2\/comments?post=8019"}],"wp:featuredmedia":[{"embeddable":true,"href":"https:\/\/glownightlight.com\/hr\/wp-json\/wp\/v2\/media\/8337"}],"wp:attachment":[{"href":"https:\/\/glownightlight.com\/hr\/wp-json\/wp\/v2\/media?parent=8019"}],"wp:term":[{"taxonomy":"product_brand","embeddable":true,"href":"https:\/\/glownightlight.com\/hr\/wp-json\/wp\/v2\/product_brand?post=8019"},{"taxonomy":"product_cat","embeddable":true,"href":"https:\/\/glownightlight.com\/hr\/wp-json\/wp\/v2\/product_cat?post=8019"},{"taxonomy":"product_tag","embeddable":true,"href":"https:\/\/glownightlight.com\/hr\/wp-json\/wp\/v2\/product_tag?post=8019"}],"curies":[{"name":"wp","href":"https:\/\/api.w.org\/{rel}","templated":true}]}}