{"id":7997,"date":"2026-04-13T21:34:04","date_gmt":"2026-04-13T21:34:04","guid":{"rendered":"https:\/\/glownightlight.com\/hr\/?post_type=product&#038;p=7997"},"modified":"2026-04-13T21:35:45","modified_gmt":"2026-04-13T21:35:45","slug":"bozicna-drvce-nocna-lampa-xmasluz","status":"publish","type":"product","link":"https:\/\/glownightlight.com\/hr\/product\/bozicna-drvce-nocna-lampa-xmasluz\/","title":{"rendered":"Bo\u017ei\u0107na Drvce No\u0107na Lampa &#8211; XmasLuz"},"content":{"rendered":"","protected":false},"excerpt":{"rendered":"","protected":false},"featured_media":8315,"comment_status":"closed","ping_status":"closed","template":"","meta":[],"product_brand":[],"product_cat":[489,484],"product_tag":[],"class_list":{"0":"post-7997","1":"product","2":"type-product","3":"status-publish","4":"has-post-thumbnail","6":"product_cat-nocne-svjetiljke","7":"product_cat-vrste-nocnih-svjetiljki","9":"first","10":"instock","11":"taxable","12":"shipping-taxable","13":"purchasable","14":"product-type-simple"},"_links":{"self":[{"href":"https:\/\/glownightlight.com\/hr\/wp-json\/wp\/v2\/product\/7997","targetHints":{"allow":["GET"]}}],"collection":[{"href":"https:\/\/glownightlight.com\/hr\/wp-json\/wp\/v2\/product"}],"about":[{"href":"https:\/\/glownightlight.com\/hr\/wp-json\/wp\/v2\/types\/product"}],"replies":[{"embeddable":true,"href":"https:\/\/glownightlight.com\/hr\/wp-json\/wp\/v2\/comments?post=7997"}],"wp:featuredmedia":[{"embeddable":true,"href":"https:\/\/glownightlight.com\/hr\/wp-json\/wp\/v2\/media\/8315"}],"wp:attachment":[{"href":"https:\/\/glownightlight.com\/hr\/wp-json\/wp\/v2\/media?parent=7997"}],"wp:term":[{"taxonomy":"product_brand","embeddable":true,"href":"https:\/\/glownightlight.com\/hr\/wp-json\/wp\/v2\/product_brand?post=7997"},{"taxonomy":"product_cat","embeddable":true,"href":"https:\/\/glownightlight.com\/hr\/wp-json\/wp\/v2\/product_cat?post=7997"},{"taxonomy":"product_tag","embeddable":true,"href":"https:\/\/glownightlight.com\/hr\/wp-json\/wp\/v2\/product_tag?post=7997"}],"curies":[{"name":"wp","href":"https:\/\/api.w.org\/{rel}","templated":true}]}}